{"id":1192,"date":"2022-04-20T22:35:31","date_gmt":"2022-04-20T22:35:31","guid":{"rendered":"https:\/\/projetomaara.com\/?page_id=1192"},"modified":"2022-04-22T22:39:50","modified_gmt":"2022-04-22T22:39:50","slug":"nos","status":"publish","type":"page","link":"https:\/\/projetomaara.com\/index.php\/nos\/","title":{"rendered":"N\u00f3s-PT"},"content":{"rendered":"\n\n[et_pb_section fb_built=&#8221;1&#8243; _builder_version=&#8221;4.16&#8243; _module_preset=&#8221;default&#8221; background_color=&#8221;#5e5e5e&#8221; background_image=&#8221;http:\/\/projetomaara.com\/wp-content\/uploads\/2022\/03\/family_I.jpg&#8221; background_position=&#8221;top_center&#8221; background_vertical_offset=&#8221;11%&#8221; background_blend=&#8221;multiply&#8221; min_height=&#8221;475px&#8221; global_colors_info=&#8221;{}&#8221;][et_pb_row _builder_version=&#8221;4.16&#8243; _module_preset=&#8221;default&#8221; positioning=&#8221;absolute&#8221; position_origin_a=&#8221;bottom_center&#8221; vertical_offset=&#8221;55px&#8221; custom_padding=&#8221;||70px||false|false&#8221; global_colors_info=&#8221;{}&#8221;][et_pb_column type=&#8221;4_4&#8243; _builder_version=&#8221;4.16&#8243; _module_preset=&#8221;default&#8221; global_colors_info=&#8221;{}&#8221;][et_pb_text _builder_version=&#8221;4.17.1&#8243; _module_preset=&#8221;default&#8221; header_font=&#8221;Gill Sans Light|500|||||||&#8221; header_text_color=&#8221;#FFFFFF&#8221; header_font_size=&#8221;55px&#8221; custom_padding=&#8221;0px|||||&#8221; hover_enabled=&#8221;0&#8243; global_colors_info=&#8221;{}&#8221; sticky_enabled=&#8221;0&#8243;]<h1 style=\"text-align: center;\">N\u00f3s<\/h1>[\/et_pb_text][\/et_pb_column][\/et_pb_row][\/et_pb_section][et_pb_section fb_built=&#8221;1&#8243; _builder_version=&#8221;4.16&#8243; _module_preset=&#8221;default&#8221; custom_padding=&#8221;||2px|||&#8221; global_colors_info=&#8221;{}&#8221;][et_pb_row _builder_version=&#8221;4.16&#8243; _module_preset=&#8221;default&#8221; width=&#8221;70%&#8221; module_alignment=&#8221;center&#8221; module_alignment_tablet=&#8221;center&#8221; module_alignment_phone=&#8221;center&#8221; module_alignment_last_edited=&#8221;on|phone&#8221; global_colors_info=&#8221;{}&#8221;][et_pb_column type=&#8221;4_4&#8243; _builder_version=&#8221;4.16&#8243; _module_preset=&#8221;default&#8221; global_colors_info=&#8221;{}&#8221;][et_pb_text _builder_version=&#8221;4.17.1&#8243; _module_preset=&#8221;fc36421d-6150-4af1-ba2d-02b2972a9a84&#8243; hover_enabled=&#8221;0&#8243; global_colors_info=&#8221;{}&#8221; sticky_enabled=&#8221;0&#8243;]<p>Somos uma fam\u00edlia jovem \u2013 Robert, Dace, Leo e Nora \u2013 e no in\u00edcio de 2020, deixamos a vida da cidade para tr\u00e1s para iniciar um auto-experimento ecol\u00f3gico numa cidade do interior. Sem muita experi\u00eancia anterior em vida no campo, embarcamos nessa aventura comprando um terreno de 30 hectares com Mata Atl\u00e2ntica, cachoeiras e pastagens, cercado pelos trechos de montanha do Parque Nacional dos Tr\u00eas Picos, perto da Nova Friburgo no estado do Rio de Janeiro.<\/p>\n<p>N\u00e3o sab\u00edamos muito sobre viver e trabalhar no campo, mas sab\u00edamos que quer\u00edamos viver ecologicamente e socialmente de maneira mais sustent\u00e1vel, buscando criar uma vida mais equilibrada e significativa, conectada \u00e0 natureza e \u00e0 comunidade. Os princ\u00edpios da permacultura tornaram-se nosso principal caminho a seguir e aprender. Desde ent\u00e3o, ganhamos literalmente diariamente novas habilidades e constru\u00edmos novas conex\u00f5es e &#8211; quanto mais aprendemos, mais percebemos o quanto mais h\u00e1 para ser aprendido.<\/p>\n<p>Nosso objetivo \u00e9 nos tornarmos refer\u00eancia e um espa\u00e7o de permacultura para pessoas de ideias semelhantes. Queremos aprender junto com os outros e compartilhar nossa experi\u00eancia, produzir nosso pr\u00f3prio alimento e enriquecer a fertilidade, produtividade e biodiversidade da terra, aprender a viver em harmonia e respeito com a natureza e a comunidade ao nosso redor.<\/p>[\/et_pb_text][\/et_pb_column][\/et_pb_row][et_pb_row column_structure=&#8221;1_2,1_2&#8243; use_custom_gutter=&#8221;on&#8221; make_equal=&#8221;on&#8221; _builder_version=&#8221;4.16&#8243; _module_preset=&#8221;default&#8221; width=&#8221;100%&#8221; max_width=&#8221;80%&#8221; module_alignment=&#8221;center&#8221; custom_padding=&#8221;||58px||false|false&#8221; global_colors_info=&#8221;{}&#8221;][et_pb_column type=&#8221;1_2&#8243; _builder_version=&#8221;4.16&#8243; _module_preset=&#8221;default&#8221; global_colors_info=&#8221;{}&#8221;][et_pb_image src=&#8221;http:\/\/projetomaara.com\/wp-content\/uploads\/2022\/03\/Grupo-53.png&#8221; title_text=&#8221;Grupo 53&#8243; _builder_version=&#8221;4.17.1&#8243; _module_preset=&#8221;default&#8221; width=&#8221;48%&#8221; width_tablet=&#8221;60%&#8221; width_phone=&#8221;80%&#8221; width_last_edited=&#8221;on|phone&#8221; module_alignment=&#8221;right&#8221; module_alignment_tablet=&#8221;center&#8221; module_alignment_phone=&#8221;center&#8221; module_alignment_last_edited=&#8221;on|phone&#8221; global_colors_info=&#8221;{}&#8221;][\/et_pb_image][\/et_pb_column][et_pb_column type=&#8221;1_2&#8243; _builder_version=&#8221;4.16&#8243; _module_preset=&#8221;default&#8221; global_colors_info=&#8221;{}&#8221;][et_pb_image src=&#8221;http:\/\/projetomaara.com\/wp-content\/uploads\/2022\/03\/Grupo-55.png&#8221; title_text=&#8221;Grupo 55&#8243; align=&#8221;center&#8221; _builder_version=&#8221;4.17.1&#8243; _module_preset=&#8221;default&#8221; width=&#8221;48%&#8221; width_tablet=&#8221;60%&#8221; width_phone=&#8221;80%&#8221; width_last_edited=&#8221;on|phone&#8221; module_alignment=&#8221;left&#8221; module_alignment_tablet=&#8221;center&#8221; module_alignment_phone=&#8221;center&#8221; module_alignment_last_edited=&#8221;on|phone&#8221; global_colors_info=&#8221;{}&#8221; width__hover_enabled=&#8221;off|desktop&#8221;][\/et_pb_image][\/et_pb_column][\/et_pb_row][\/et_pb_section]\n\n","protected":false},"excerpt":{"rendered":"<p>N\u00f3sSomos uma fam\u00edlia jovem \u2013 Robert, Dace, Leo e Nora \u2013 e no in\u00edcio de 2020, deixamos a vida da cidade para tr\u00e1s para iniciar um auto-experimento ecol\u00f3gico numa cidade do interior. Sem muita experi\u00eancia anterior em vida no campo, embarcamos nessa aventura comprando um terreno de 30 hectares com Mata Atl\u00e2ntica, cachoeiras e pastagens, [&hellip;]<\/p>\n","protected":false},"author":1,"featured_media":0,"parent":0,"menu_order":0,"comment_status":"closed","ping_status":"closed","template":"","meta":{"_et_pb_use_builder":"on","_et_pb_old_content":"","_et_gb_content_width":"","_monsterinsights_skip_tracking":false,"_monsterinsights_sitenote_active":false,"_monsterinsights_sitenote_note":"","_monsterinsights_sitenote_category":0,"footnotes":""},"class_list":["post-1192","page","type-page","status-publish","hentry"],"yoast_head":"<!-- This site is optimized with the Yoast SEO plugin v27.4 - https:\/\/yoast.com\/product\/yoast-seo-wordpress\/ -->\n<title>N\u00f3s<\/title>\n<meta name=\"description\" content=\"Somos uma fam\u00edlia jovem \u2013 Robert, Dace, Leo e Nora \u2013 e no in\u00edcio de 2020, deixamos a vida da cidade para tr\u00e1s para iniciar um auto-experimento ecol\u00f3gico numa cidade do interior. Sem muita experi\u00eancia anterior em vida no campo, embarcamos nessa aventura comprando um terreno de 30 hectares com Mata Atl\u00e2ntica, cachoeiras e pastagens, cercado pelos trechos de montanha do Parque Nacional dos Tr\u00eas Picos, perto da Nova Friburgo no estado do Rio de Janeiro.\" \/>\n<meta name=\"robots\" content=\"index, follow, max-snippet:-1, max-image-preview:large, max-video-preview:-1\" \/>\n<link rel=\"canonical\" href=\"https:\/\/projetomaara.com\/index.php\/nos\/\" \/>\n<meta property=\"og:locale\" content=\"en_US\" \/>\n<meta property=\"og:type\" content=\"article\" \/>\n<meta property=\"og:title\" content=\"N\u00f3s\" \/>\n<meta property=\"og:description\" content=\"Somos uma fam\u00edlia jovem \u2013 Robert, Dace, Leo e Nora \u2013 e no in\u00edcio de 2020, deixamos a vida da cidade para tr\u00e1s para iniciar um auto-experimento ecol\u00f3gico numa cidade do interior. Sem muita experi\u00eancia anterior em vida no campo, embarcamos nessa aventura comprando um terreno de 30 hectares com Mata Atl\u00e2ntica, cachoeiras e pastagens, cercado pelos trechos de montanha do Parque Nacional dos Tr\u00eas Picos, perto da Nova Friburgo no estado do Rio de Janeiro.\" \/>\n<meta property=\"og:url\" content=\"https:\/\/projetomaara.com\/index.php\/nos\/\" \/>\n<meta property=\"og:site_name\" content=\"Projeto MAARA\" \/>\n<meta property=\"article:publisher\" content=\"https:\/\/www.facebook.com\/projetomaara\" \/>\n<meta property=\"article:modified_time\" content=\"2022-04-22T22:39:50+00:00\" \/>\n<meta name=\"twitter:card\" content=\"summary_large_image\" \/>\n<meta name=\"twitter:label1\" content=\"Est. reading time\" \/>\n\t<meta name=\"twitter:data1\" content=\"2 minutes\" \/>\n<script type=\"application\/ld+json\" class=\"yoast-schema-graph\">{\"@context\":\"https:\\\/\\\/schema.org\",\"@graph\":[{\"@type\":\"WebPage\",\"@id\":\"https:\\\/\\\/projetomaara.com\\\/index.php\\\/nos\\\/\",\"url\":\"https:\\\/\\\/projetomaara.com\\\/index.php\\\/nos\\\/\",\"name\":\"N\u00f3s\",\"isPartOf\":{\"@id\":\"https:\\\/\\\/projetomaara.com\\\/#website\"},\"datePublished\":\"2022-04-20T22:35:31+00:00\",\"dateModified\":\"2022-04-22T22:39:50+00:00\",\"description\":\"Somos uma fam\u00edlia jovem \u2013 Robert, Dace, Leo e Nora \u2013 e no in\u00edcio de 2020, deixamos a vida da cidade para tr\u00e1s para iniciar um auto-experimento ecol\u00f3gico numa cidade do interior. Sem muita experi\u00eancia anterior em vida no campo, embarcamos nessa aventura comprando um terreno de 30 hectares com Mata Atl\u00e2ntica, cachoeiras e pastagens, cercado pelos trechos de montanha do Parque Nacional dos Tr\u00eas Picos, perto da Nova Friburgo no estado do Rio de Janeiro.\",\"breadcrumb\":{\"@id\":\"https:\\\/\\\/projetomaara.com\\\/index.php\\\/nos\\\/#breadcrumb\"},\"inLanguage\":\"en-US\",\"potentialAction\":[{\"@type\":\"ReadAction\",\"target\":[\"https:\\\/\\\/projetomaara.com\\\/index.php\\\/nos\\\/\"]}]},{\"@type\":\"BreadcrumbList\",\"@id\":\"https:\\\/\\\/projetomaara.com\\\/index.php\\\/nos\\\/#breadcrumb\",\"itemListElement\":[{\"@type\":\"ListItem\",\"position\":1,\"name\":\"Home\",\"item\":\"https:\\\/\\\/projetomaara.com\\\/\"},{\"@type\":\"ListItem\",\"position\":2,\"name\":\"N\u00f3s-PT\"}]},{\"@type\":\"WebSite\",\"@id\":\"https:\\\/\\\/projetomaara.com\\\/#website\",\"url\":\"https:\\\/\\\/projetomaara.com\\\/\",\"name\":\"Projeto MAARA\",\"description\":\"Permaculture, Agroforestry, Eco-tourism &amp; Volunteering\",\"publisher\":{\"@id\":\"https:\\\/\\\/projetomaara.com\\\/#organization\"},\"potentialAction\":[{\"@type\":\"SearchAction\",\"target\":{\"@type\":\"EntryPoint\",\"urlTemplate\":\"https:\\\/\\\/projetomaara.com\\\/?s={search_term_string}\"},\"query-input\":{\"@type\":\"PropertyValueSpecification\",\"valueRequired\":true,\"valueName\":\"search_term_string\"}}],\"inLanguage\":\"en-US\"},{\"@type\":\"Organization\",\"@id\":\"https:\\\/\\\/projetomaara.com\\\/#organization\",\"name\":\"Projeto Maara\",\"url\":\"https:\\\/\\\/projetomaara.com\\\/\",\"logo\":{\"@type\":\"ImageObject\",\"inLanguage\":\"en-US\",\"@id\":\"https:\\\/\\\/projetomaara.com\\\/#\\\/schema\\\/logo\\\/image\\\/\",\"url\":\"https:\\\/\\\/projetomaara.com\\\/wp-content\\\/uploads\\\/2022\\\/03\\\/social-logo.png\",\"contentUrl\":\"https:\\\/\\\/projetomaara.com\\\/wp-content\\\/uploads\\\/2022\\\/03\\\/social-logo.png\",\"width\":1640,\"height\":856,\"caption\":\"Projeto Maara\"},\"image\":{\"@id\":\"https:\\\/\\\/projetomaara.com\\\/#\\\/schema\\\/logo\\\/image\\\/\"},\"sameAs\":[\"https:\\\/\\\/www.facebook.com\\\/projetomaara\",\"https:\\\/\\\/www.instagram.com\\\/projetomaara\\\/\",\"https:\\\/\\\/www.youtube.com\\\/channel\\\/UCOQel10XEEur6K6AkDzjGBA\"]}]}<\/script>\n<!-- \/ Yoast SEO plugin. -->","yoast_head_json":{"title":"N\u00f3s","description":"Somos uma fam\u00edlia jovem \u2013 Robert, Dace, Leo e Nora \u2013 e no in\u00edcio de 2020, deixamos a vida da cidade para tr\u00e1s para iniciar um auto-experimento ecol\u00f3gico numa cidade do interior. Sem muita experi\u00eancia anterior em vida no campo, embarcamos nessa aventura comprando um terreno de 30 hectares com Mata Atl\u00e2ntica, cachoeiras e pastagens, cercado pelos trechos de montanha do Parque Nacional dos Tr\u00eas Picos, perto da Nova Friburgo no estado do Rio de Janeiro.","robots":{"index":"index","follow":"follow","max-snippet":"max-snippet:-1","max-image-preview":"max-image-preview:large","max-video-preview":"max-video-preview:-1"},"canonical":"https:\/\/projetomaara.com\/index.php\/nos\/","og_locale":"en_US","og_type":"article","og_title":"N\u00f3s","og_description":"Somos uma fam\u00edlia jovem \u2013 Robert, Dace, Leo e Nora \u2013 e no in\u00edcio de 2020, deixamos a vida da cidade para tr\u00e1s para iniciar um auto-experimento ecol\u00f3gico numa cidade do interior. Sem muita experi\u00eancia anterior em vida no campo, embarcamos nessa aventura comprando um terreno de 30 hectares com Mata Atl\u00e2ntica, cachoeiras e pastagens, cercado pelos trechos de montanha do Parque Nacional dos Tr\u00eas Picos, perto da Nova Friburgo no estado do Rio de Janeiro.","og_url":"https:\/\/projetomaara.com\/index.php\/nos\/","og_site_name":"Projeto MAARA","article_publisher":"https:\/\/www.facebook.com\/projetomaara","article_modified_time":"2022-04-22T22:39:50+00:00","twitter_card":"summary_large_image","twitter_misc":{"Est. reading time":"2 minutes"},"schema":{"@context":"https:\/\/schema.org","@graph":[{"@type":"WebPage","@id":"https:\/\/projetomaara.com\/index.php\/nos\/","url":"https:\/\/projetomaara.com\/index.php\/nos\/","name":"N\u00f3s","isPartOf":{"@id":"https:\/\/projetomaara.com\/#website"},"datePublished":"2022-04-20T22:35:31+00:00","dateModified":"2022-04-22T22:39:50+00:00","description":"Somos uma fam\u00edlia jovem \u2013 Robert, Dace, Leo e Nora \u2013 e no in\u00edcio de 2020, deixamos a vida da cidade para tr\u00e1s para iniciar um auto-experimento ecol\u00f3gico numa cidade do interior. Sem muita experi\u00eancia anterior em vida no campo, embarcamos nessa aventura comprando um terreno de 30 hectares com Mata Atl\u00e2ntica, cachoeiras e pastagens, cercado pelos trechos de montanha do Parque Nacional dos Tr\u00eas Picos, perto da Nova Friburgo no estado do Rio de Janeiro.","breadcrumb":{"@id":"https:\/\/projetomaara.com\/index.php\/nos\/#breadcrumb"},"inLanguage":"en-US","potentialAction":[{"@type":"ReadAction","target":["https:\/\/projetomaara.com\/index.php\/nos\/"]}]},{"@type":"BreadcrumbList","@id":"https:\/\/projetomaara.com\/index.php\/nos\/#breadcrumb","itemListElement":[{"@type":"ListItem","position":1,"name":"Home","item":"https:\/\/projetomaara.com\/"},{"@type":"ListItem","position":2,"name":"N\u00f3s-PT"}]},{"@type":"WebSite","@id":"https:\/\/projetomaara.com\/#website","url":"https:\/\/projetomaara.com\/","name":"Projeto MAARA","description":"Permaculture, Agroforestry, Eco-tourism &amp; Volunteering","publisher":{"@id":"https:\/\/projetomaara.com\/#organization"},"potentialAction":[{"@type":"SearchAction","target":{"@type":"EntryPoint","urlTemplate":"https:\/\/projetomaara.com\/?s={search_term_string}"},"query-input":{"@type":"PropertyValueSpecification","valueRequired":true,"valueName":"search_term_string"}}],"inLanguage":"en-US"},{"@type":"Organization","@id":"https:\/\/projetomaara.com\/#organization","name":"Projeto Maara","url":"https:\/\/projetomaara.com\/","logo":{"@type":"ImageObject","inLanguage":"en-US","@id":"https:\/\/projetomaara.com\/#\/schema\/logo\/image\/","url":"https:\/\/projetomaara.com\/wp-content\/uploads\/2022\/03\/social-logo.png","contentUrl":"https:\/\/projetomaara.com\/wp-content\/uploads\/2022\/03\/social-logo.png","width":1640,"height":856,"caption":"Projeto Maara"},"image":{"@id":"https:\/\/projetomaara.com\/#\/schema\/logo\/image\/"},"sameAs":["https:\/\/www.facebook.com\/projetomaara","https:\/\/www.instagram.com\/projetomaara\/","https:\/\/www.youtube.com\/channel\/UCOQel10XEEur6K6AkDzjGBA"]}]}},"jetpack-related-posts":[],"jetpack_sharing_enabled":true,"_links":{"self":[{"href":"https:\/\/projetomaara.com\/index.php\/wp-json\/wp\/v2\/pages\/1192","targetHints":{"allow":["GET"]}}],"collection":[{"href":"https:\/\/projetomaara.com\/index.php\/wp-json\/wp\/v2\/pages"}],"about":[{"href":"https:\/\/projetomaara.com\/index.php\/wp-json\/wp\/v2\/types\/page"}],"author":[{"embeddable":true,"href":"https:\/\/projetomaara.com\/index.php\/wp-json\/wp\/v2\/users\/1"}],"replies":[{"embeddable":true,"href":"https:\/\/projetomaara.com\/index.php\/wp-json\/wp\/v2\/comments?post=1192"}],"version-history":[{"count":4,"href":"https:\/\/projetomaara.com\/index.php\/wp-json\/wp\/v2\/pages\/1192\/revisions"}],"predecessor-version":[{"id":1204,"href":"https:\/\/projetomaara.com\/index.php\/wp-json\/wp\/v2\/pages\/1192\/revisions\/1204"}],"wp:attachment":[{"href":"https:\/\/projetomaara.com\/index.php\/wp-json\/wp\/v2\/media?parent=1192"}],"curies":[{"name":"wp","href":"https:\/\/api.w.org\/{rel}","templated":true}]}}