{"id":1196,"date":"2022-04-20T23:41:23","date_gmt":"2022-04-20T23:41:23","guid":{"rendered":"https:\/\/projetomaara.com\/?page_id=1196"},"modified":"2022-04-22T22:45:47","modified_gmt":"2022-04-22T22:45:47","slug":"maara-pt","status":"publish","type":"page","link":"https:\/\/projetomaara.com\/index.php\/maara-pt\/","title":{"rendered":"Maara-PT"},"content":{"rendered":"\n\n[et_pb_section fb_built=&#8221;1&#8243; _builder_version=&#8221;4.16&#8243; _module_preset=&#8221;default&#8221; background_color=&#8221;#5e5e5e&#8221; background_image=&#8221;http:\/\/projetomaara.com\/wp-content\/uploads\/2022\/03\/MA_I.jpg&#8221; background_position=&#8221;center_left&#8221; background_blend=&#8221;multiply&#8221; min_height=&#8221;475px&#8221; global_colors_info=&#8221;{}&#8221;][et_pb_row _builder_version=&#8221;4.16&#8243; _module_preset=&#8221;default&#8221; positioning=&#8221;absolute&#8221; position_origin_a=&#8221;bottom_center&#8221; vertical_offset=&#8221;55px&#8221; custom_padding=&#8221;||69px||false|false&#8221; global_colors_info=&#8221;{}&#8221;][et_pb_column type=&#8221;4_4&#8243; _builder_version=&#8221;4.16&#8243; _module_preset=&#8221;default&#8221; global_colors_info=&#8221;{}&#8221;][et_pb_text _builder_version=&#8221;4.16&#8243; _module_preset=&#8221;default&#8221; header_font=&#8221;Gill Sans Light|500|||||||&#8221; header_text_color=&#8221;#FFFFFF&#8221; header_font_size=&#8221;55px&#8221; global_colors_info=&#8221;{}&#8221;]<h1 style=\"text-align: center;\">Maara<\/h1>[\/et_pb_text][\/et_pb_column][\/et_pb_row][\/et_pb_section][et_pb_section fb_built=&#8221;1&#8243; _builder_version=&#8221;4.16&#8243; _module_preset=&#8221;default&#8221; custom_padding=&#8221;||2px|||&#8221; global_colors_info=&#8221;{}&#8221;][et_pb_row use_custom_gutter=&#8221;on&#8221; gutter_width=&#8221;1&#8243; make_equal=&#8221;on&#8221; _builder_version=&#8221;4.16&#8243; _module_preset=&#8221;default&#8221; width=&#8221;51%&#8221; width_tablet=&#8221;51%&#8221; width_phone=&#8221;80%&#8221; width_last_edited=&#8221;on|phone&#8221; max_width=&#8221;100%&#8221; module_alignment=&#8221;center&#8221; module_alignment_tablet=&#8221;center&#8221; module_alignment_phone=&#8221;center&#8221; module_alignment_last_edited=&#8221;on|phone&#8221; global_colors_info=&#8221;{}&#8221;][et_pb_column type=&#8221;4_4&#8243; _builder_version=&#8221;4.16&#8243; _module_preset=&#8221;default&#8221; global_colors_info=&#8221;{}&#8221;][et_pb_text _builder_version=&#8221;4.17.1&#8243; _module_preset=&#8221;fc36421d-6150-4af1-ba2d-02b2972a9a84&#8243; hover_enabled=&#8221;0&#8243; global_colors_info=&#8221;{}&#8221; sticky_enabled=&#8221;0&#8243;]<h3>o que \u00e9 MAARA&#8230;?<\/h3>\n<p>Este projeto une nossas ideias e acreditamos na sustentabilidade onde cada tarefa dentro do projeto \u00e9 impulsionada por uma vis\u00e3o de tornar este mundo um pouco melhor. Ent\u00e3o, para essa ideia significativa precis\u00e1vamos de um nome significativo e depois de algum tempo de busca e pesquisa, finalmente encontramos o nome perfeito que resume nossa verdadeira dedica\u00e7\u00e3o a este peda\u00e7o de terra.<\/p>\n<p>MAARA faz refer\u00eancia a M\u0101ra, a M\u00e3e Terra na mitologia let\u00e3. Ela \u00e9 a deusa respons\u00e1vel pelo nascimento da terra, das \u00e1guas e de todos os seres vivos. Na antiga mitologia let\u00e3, M\u0101ra n\u00e3o era apenas a m\u00e3e de todos os deuses, ela era a criadora \u2013 a divindade mais poderosa.<\/p>[\/et_pb_text][\/et_pb_column][\/et_pb_row][et_pb_row use_custom_gutter=&#8221;on&#8221; gutter_width=&#8221;1&#8243; make_equal=&#8221;on&#8221; _builder_version=&#8221;4.16&#8243; _module_preset=&#8221;default&#8221; width=&#8221;51%&#8221; width_tablet=&#8221;51%&#8221; width_phone=&#8221;80%&#8221; width_last_edited=&#8221;on|phone&#8221; max_width=&#8221;100%&#8221; module_alignment=&#8221;center&#8221; module_alignment_tablet=&#8221;center&#8221; module_alignment_phone=&#8221;center&#8221; module_alignment_last_edited=&#8221;on|phone&#8221; global_colors_info=&#8221;{}&#8221;][et_pb_column type=&#8221;4_4&#8243; _builder_version=&#8221;4.16&#8243; _module_preset=&#8221;default&#8221; global_colors_info=&#8221;{}&#8221;][et_pb_image src=&#8221;http:\/\/projetomaara.com\/wp-content\/uploads\/2022\/03\/jumis_II.jpg&#8221; title_text=&#8221;jumis_II&#8221; _builder_version=&#8221;4.16&#8243; _module_preset=&#8221;default&#8221; custom_margin=&#8221;||36px||false|false&#8221; global_colors_info=&#8221;{}&#8221;][\/et_pb_image][et_pb_text _builder_version=&#8221;4.17.1&#8243; _module_preset=&#8221;fc36421d-6150-4af1-ba2d-02b2972a9a84&#8243; custom_padding=&#8221;21px||||false|false&#8221; hover_enabled=&#8221;0&#8243; global_colors_info=&#8221;{}&#8221; sticky_enabled=&#8221;0&#8243;]<h3>por que MAARA&#8230;?<\/h3>\n<p>O nome MAARA foi escolhido por causa das ra\u00edzes let\u00e3s de Dace. A cultura e as tradi\u00e7\u00f5es let\u00e3s sempre estiveram profundamente ligadas \u00e0s for\u00e7as naturais e \u00e0 espiritualidade pag\u00e3.<\/p>\n<p>O significado de MAARA retrata com bastante precis\u00e3o a nossa inten\u00e7\u00e3o deste projeto \u2013 viver em harmonia com a natureza, proteger e preservar bem como desenvolver uma rela\u00e7\u00e3o equilibrada e saud\u00e1vel entre \u201cdar e receber\u201d com o meio ambiente<strong>.<\/strong><\/p>[\/et_pb_text][\/et_pb_column][\/et_pb_row][et_pb_row use_custom_gutter=&#8221;on&#8221; gutter_width=&#8221;1&#8243; make_equal=&#8221;on&#8221; _builder_version=&#8221;4.17.0&#8243; _module_preset=&#8221;default&#8221; max_width=&#8221;80%&#8221; custom_padding=&#8221;||58px||false|false&#8221; locked=&#8221;off&#8221; global_colors_info=&#8221;{}&#8221;][et_pb_column type=&#8221;4_4&#8243; _builder_version=&#8221;4.16&#8243; _module_preset=&#8221;default&#8221; global_colors_info=&#8221;{}&#8221;][et_pb_text _builder_version=&#8221;4.17.1&#8243; _module_preset=&#8221;default&#8221; global_colors_info=&#8221;{}&#8221;]<p><span>\t\t<div class=\"msacwl-carousel-wrap msacwl-row-clearfix \" data-conf=\"{&quot;slide_to_show&quot;:3,&quot;slide_to_scroll&quot;:1,&quot;autoplay&quot;:&quot;true&quot;,&quot;autoplay_speed&quot;:3000,&quot;speed&quot;:300,&quot;arrows&quot;:&quot;true&quot;,&quot;dots&quot;:&quot;true&quot;,&quot;lazyload&quot;:&quot;&quot;}\">\r\n\t\t\t<div id=\"msacwl-carousel-1\" class=\"msacwl-carousel msacwl-common-slider msacwl-slider-popup\">\r\n\t\t\t\t\t\t\t\t<div class=\"msacwl-carousel-slide msacwl-slide\" data-item-index=\"1\" style='height:450px;'>\r\n\r\n\t\t\t\t\t<a class=\"msacwl-img-link\" href=\"javascript:void(0);\" data-mfp-src=\"https:\/\/projetomaara.com\/wp-content\/uploads\/2022\/04\/IMG_9522-1.jpg\">\r\n\t\t\t\t\t\t<img decoding=\"async\" class=\"msacwl-img\" src=\"https:\/\/projetomaara.com\/wp-content\/uploads\/2022\/04\/IMG_9522-1.jpg\"  data-title=\"IMG_9522-1\" alt=\"\" \/>\r\n\t\t\t\t\t<\/a>\r\n\r\n\t\t\t\t\t\t\t\t\t\t\t<div class=\"msacwl-gallery-caption\">\r\n\t\t\t\t\t\t\t\t\t\t\t\t\t\t\t<span><\/span>\r\n\t\t\t\t\t\t\t\t\t\t\t\t\t<\/div>\r\n\t\t\t\t\t\t\t\t\t<\/div>\r\n\t\t\t\t\t\t\t\t<div class=\"msacwl-carousel-slide msacwl-slide\" data-item-index=\"2\" style='height:450px;'>\r\n\r\n\t\t\t\t\t<a class=\"msacwl-img-link\" href=\"javascript:void(0);\" data-mfp-src=\"https:\/\/projetomaara.com\/wp-content\/uploads\/2022\/03\/IMG_2957-2.jpg\">\r\n\t\t\t\t\t\t<img decoding=\"async\" class=\"msacwl-img\" src=\"https:\/\/projetomaara.com\/wp-content\/uploads\/2022\/03\/IMG_2957-2.jpg\"  data-title=\"IMG_2957-2\" alt=\"\" \/>\r\n\t\t\t\t\t<\/a>\r\n\r\n\t\t\t\t\t\t\t\t\t\t\t<div class=\"msacwl-gallery-caption\">\r\n\t\t\t\t\t\t\t\t\t\t\t\t\t\t\t<span><\/span>\r\n\t\t\t\t\t\t\t\t\t\t\t\t\t<\/div>\r\n\t\t\t\t\t\t\t\t\t<\/div>\r\n\t\t\t\t\t\t\t\t<div class=\"msacwl-carousel-slide msacwl-slide\" data-item-index=\"3\" style='height:450px;'>\r\n\r\n\t\t\t\t\t<a class=\"msacwl-img-link\" href=\"javascript:void(0);\" data-mfp-src=\"https:\/\/projetomaara.com\/wp-content\/uploads\/2022\/03\/A7R06417.jpg\">\r\n\t\t\t\t\t\t<img decoding=\"async\" class=\"msacwl-img\" src=\"https:\/\/projetomaara.com\/wp-content\/uploads\/2022\/03\/A7R06417.jpg\"  data-title=\"A7R06417\" alt=\"\" \/>\r\n\t\t\t\t\t<\/a>\r\n\r\n\t\t\t\t\t\t\t\t\t\t\t<div class=\"msacwl-gallery-caption\">\r\n\t\t\t\t\t\t\t\t\t\t\t\t\t\t\t<span><\/span>\r\n\t\t\t\t\t\t\t\t\t\t\t\t\t<\/div>\r\n\t\t\t\t\t\t\t\t\t<\/div>\r\n\t\t\t\t\t\t\t\t<div class=\"msacwl-carousel-slide msacwl-slide\" data-item-index=\"4\" style='height:450px;'>\r\n\r\n\t\t\t\t\t<a class=\"msacwl-img-link\" href=\"javascript:void(0);\" data-mfp-src=\"https:\/\/projetomaara.com\/wp-content\/uploads\/2022\/03\/A7R06478-scaled.jpg\">\r\n\t\t\t\t\t\t<img decoding=\"async\" class=\"msacwl-img\" src=\"https:\/\/projetomaara.com\/wp-content\/uploads\/2022\/03\/A7R06478-scaled.jpg\"  data-title=\"A7R06478\" alt=\"\" \/>\r\n\t\t\t\t\t<\/a>\r\n\r\n\t\t\t\t\t\t\t\t\t\t\t<div class=\"msacwl-gallery-caption\">\r\n\t\t\t\t\t\t\t\t\t\t\t\t\t\t\t<span><\/span>\r\n\t\t\t\t\t\t\t\t\t\t\t\t\t<\/div>\r\n\t\t\t\t\t\t\t\t\t<\/div>\r\n\t\t\t\t\t\t\t\t<div class=\"msacwl-carousel-slide msacwl-slide\" data-item-index=\"5\" style='height:450px;'>\r\n\r\n\t\t\t\t\t<a class=\"msacwl-img-link\" href=\"javascript:void(0);\" data-mfp-src=\"https:\/\/projetomaara.com\/wp-content\/uploads\/2022\/03\/A7R06501-scaled.jpg\">\r\n\t\t\t\t\t\t<img decoding=\"async\" class=\"msacwl-img\" src=\"https:\/\/projetomaara.com\/wp-content\/uploads\/2022\/03\/A7R06501-scaled.jpg\"  data-title=\"A7R06501\" alt=\"\" \/>\r\n\t\t\t\t\t<\/a>\r\n\r\n\t\t\t\t\t\t\t\t\t\t\t<div class=\"msacwl-gallery-caption\">\r\n\t\t\t\t\t\t\t\t\t\t\t\t\t\t\t<span><\/span>\r\n\t\t\t\t\t\t\t\t\t\t\t\t\t<\/div>\r\n\t\t\t\t\t\t\t\t\t<\/div>\r\n\t\t\t\t\t\t\t\t<div class=\"msacwl-carousel-slide msacwl-slide\" data-item-index=\"6\" style='height:450px;'>\r\n\r\n\t\t\t\t\t<a class=\"msacwl-img-link\" href=\"javascript:void(0);\" data-mfp-src=\"https:\/\/projetomaara.com\/wp-content\/uploads\/2022\/03\/A7R06572.jpg\">\r\n\t\t\t\t\t\t<img decoding=\"async\" class=\"msacwl-img\" src=\"https:\/\/projetomaara.com\/wp-content\/uploads\/2022\/03\/A7R06572.jpg\"  data-title=\"A7R06572\" alt=\"\" \/>\r\n\t\t\t\t\t<\/a>\r\n\r\n\t\t\t\t\t\t\t\t\t\t\t<div class=\"msacwl-gallery-caption\">\r\n\t\t\t\t\t\t\t\t\t\t\t\t\t\t\t<span><\/span>\r\n\t\t\t\t\t\t\t\t\t\t\t\t\t<\/div>\r\n\t\t\t\t\t\t\t\t\t<\/div>\r\n\t\t\t\t\t\t\t\t<div class=\"msacwl-carousel-slide msacwl-slide\" data-item-index=\"7\" style='height:450px;'>\r\n\r\n\t\t\t\t\t<a class=\"msacwl-img-link\" href=\"javascript:void(0);\" data-mfp-src=\"https:\/\/projetomaara.com\/wp-content\/uploads\/2022\/03\/MA_I-1.jpg\">\r\n\t\t\t\t\t\t<img decoding=\"async\" class=\"msacwl-img\" src=\"https:\/\/projetomaara.com\/wp-content\/uploads\/2022\/03\/MA_I-1.jpg\"  data-title=\"MA_I\" alt=\"\" \/>\r\n\t\t\t\t\t<\/a>\r\n\r\n\t\t\t\t\t\t\t\t\t\t\t<div class=\"msacwl-gallery-caption\">\r\n\t\t\t\t\t\t\t\t\t\t\t\t\t\t\t<span><\/span>\r\n\t\t\t\t\t\t\t\t\t\t\t\t\t<\/div>\r\n\t\t\t\t\t\t\t\t\t<\/div>\r\n\t\t\t\t\t\t\t\t<div class=\"msacwl-carousel-slide msacwl-slide\" data-item-index=\"8\" style='height:450px;'>\r\n\r\n\t\t\t\t\t<a class=\"msacwl-img-link\" href=\"javascript:void(0);\" data-mfp-src=\"https:\/\/projetomaara.com\/wp-content\/uploads\/2022\/03\/MA_II.jpg\">\r\n\t\t\t\t\t\t<img decoding=\"async\" class=\"msacwl-img\" src=\"https:\/\/projetomaara.com\/wp-content\/uploads\/2022\/03\/MA_II.jpg\"  data-title=\"MA_II\" alt=\"\" \/>\r\n\t\t\t\t\t<\/a>\r\n\r\n\t\t\t\t\t\t\t\t\t\t\t<div class=\"msacwl-gallery-caption\">\r\n\t\t\t\t\t\t\t\t\t\t\t\t\t\t\t<span><\/span>\r\n\t\t\t\t\t\t\t\t\t\t\t\t\t<\/div>\r\n\t\t\t\t\t\t\t\t\t<\/div>\r\n\t\t\t\t\t\t\t\t<div class=\"msacwl-carousel-slide msacwl-slide\" data-item-index=\"9\" style='height:450px;'>\r\n\r\n\t\t\t\t\t<a class=\"msacwl-img-link\" href=\"javascript:void(0);\" data-mfp-src=\"https:\/\/projetomaara.com\/wp-content\/uploads\/2022\/03\/MA_III.jpg\">\r\n\t\t\t\t\t\t<img decoding=\"async\" class=\"msacwl-img\" src=\"https:\/\/projetomaara.com\/wp-content\/uploads\/2022\/03\/MA_III.jpg\"  data-title=\"MA_III\" alt=\"\" \/>\r\n\t\t\t\t\t<\/a>\r\n\r\n\t\t\t\t\t\t\t\t\t\t\t<div class=\"msacwl-gallery-caption\">\r\n\t\t\t\t\t\t\t\t\t\t\t\t\t\t\t<span><\/span>\r\n\t\t\t\t\t\t\t\t\t\t\t\t\t<\/div>\r\n\t\t\t\t\t\t\t\t\t<\/div>\r\n\t\t\t\t\t\t\t\t<div class=\"msacwl-carousel-slide msacwl-slide\" data-item-index=\"10\" style='height:450px;'>\r\n\r\n\t\t\t\t\t<a class=\"msacwl-img-link\" href=\"javascript:void(0);\" data-mfp-src=\"https:\/\/projetomaara.com\/wp-content\/uploads\/2022\/03\/MA_IV.jpg\">\r\n\t\t\t\t\t\t<img decoding=\"async\" class=\"msacwl-img\" src=\"https:\/\/projetomaara.com\/wp-content\/uploads\/2022\/03\/MA_IV.jpg\"  data-title=\"MA_IV\" alt=\"\" \/>\r\n\t\t\t\t\t<\/a>\r\n\r\n\t\t\t\t\t\t\t\t\t\t\t<div class=\"msacwl-gallery-caption\">\r\n\t\t\t\t\t\t\t\t\t\t\t\t\t\t\t<span><\/span>\r\n\t\t\t\t\t\t\t\t\t\t\t\t\t<\/div>\r\n\t\t\t\t\t\t\t\t\t<\/div>\r\n\t\t\t\t\t\t\t\t<div class=\"msacwl-carousel-slide msacwl-slide\" data-item-index=\"11\" style='height:450px;'>\r\n\r\n\t\t\t\t\t<a class=\"msacwl-img-link\" href=\"javascript:void(0);\" data-mfp-src=\"https:\/\/projetomaara.com\/wp-content\/uploads\/2022\/03\/MA_V.jpg\">\r\n\t\t\t\t\t\t<img decoding=\"async\" class=\"msacwl-img\" src=\"https:\/\/projetomaara.com\/wp-content\/uploads\/2022\/03\/MA_V.jpg\"  data-title=\"MA_V\" alt=\"\" \/>\r\n\t\t\t\t\t<\/a>\r\n\r\n\t\t\t\t\t\t\t\t\t\t\t<div class=\"msacwl-gallery-caption\">\r\n\t\t\t\t\t\t\t\t\t\t\t\t\t\t\t<span><\/span>\r\n\t\t\t\t\t\t\t\t\t\t\t\t\t<\/div>\r\n\t\t\t\t\t\t\t\t\t<\/div>\r\n\t\t\t\t\t\t\t\t<div class=\"msacwl-carousel-slide msacwl-slide\" data-item-index=\"12\" style='height:450px;'>\r\n\r\n\t\t\t\t\t<a class=\"msacwl-img-link\" href=\"javascript:void(0);\" data-mfp-src=\"https:\/\/projetomaara.com\/wp-content\/uploads\/2022\/03\/sitio-MAARA.jpg\">\r\n\t\t\t\t\t\t<img decoding=\"async\" class=\"msacwl-img\" src=\"https:\/\/projetomaara.com\/wp-content\/uploads\/2022\/03\/sitio-MAARA.jpg\"  data-title=\"sitio MAARA\" alt=\"\" \/>\r\n\t\t\t\t\t<\/a>\r\n\r\n\t\t\t\t\t\t\t\t\t\t\t<div class=\"msacwl-gallery-caption\">\r\n\t\t\t\t\t\t\t\t\t\t\t\t\t\t\t<span><\/span>\r\n\t\t\t\t\t\t\t\t\t\t\t\t\t<\/div>\r\n\t\t\t\t\t\t\t\t\t<\/div>\r\n\t\t\t\t\t\t\t\t<div class=\"msacwl-carousel-slide msacwl-slide\" data-item-index=\"13\" style='height:450px;'>\r\n\r\n\t\t\t\t\t<a class=\"msacwl-img-link\" href=\"javascript:void(0);\" data-mfp-src=\"https:\/\/projetomaara.com\/wp-content\/uploads\/2022\/03\/Jumis_I-e1648147765891.jpg\">\r\n\t\t\t\t\t\t<img decoding=\"async\" class=\"msacwl-img\" src=\"https:\/\/projetomaara.com\/wp-content\/uploads\/2022\/03\/Jumis_I-e1648147765891.jpg\"  data-title=\"Jumis_I\" alt=\"\" \/>\r\n\t\t\t\t\t<\/a>\r\n\r\n\t\t\t\t\t\t\t\t\t\t\t<div class=\"msacwl-gallery-caption\">\r\n\t\t\t\t\t\t\t\t\t\t\t\t\t\t\t<span><\/span>\r\n\t\t\t\t\t\t\t\t\t\t\t\t\t<\/div>\r\n\t\t\t\t\t\t\t\t\t<\/div>\r\n\t\t\t\t\t\t\t<\/div>\r\n\t\t<\/div>\r\n\t<\/span><\/p>[\/et_pb_text][\/et_pb_column][\/et_pb_row][\/et_pb_section]\n\n","protected":false},"excerpt":{"rendered":"<p>Maarao que \u00e9 MAARA&#8230;? Este projeto une nossas ideias e acreditamos na sustentabilidade onde cada tarefa dentro do projeto \u00e9 impulsionada por uma vis\u00e3o de tornar este mundo um pouco melhor. Ent\u00e3o, para essa ideia significativa precis\u00e1vamos de um nome significativo e depois de algum tempo de busca e pesquisa, finalmente encontramos o nome perfeito [&hellip;]<\/p>\n","protected":false},"author":1,"featured_media":0,"parent":0,"menu_order":0,"comment_status":"closed","ping_status":"closed","template":"","meta":{"_et_pb_use_builder":"on","_et_pb_old_content":"","_et_gb_content_width":"","_monsterinsights_skip_tracking":false,"_monsterinsights_sitenote_active":false,"_monsterinsights_sitenote_note":"","_monsterinsights_sitenote_category":0,"footnotes":""},"class_list":["post-1196","page","type-page","status-publish","hentry"],"yoast_head":"<!-- This site is optimized with the Yoast SEO plugin v27.4 - https:\/\/yoast.com\/product\/yoast-seo-wordpress\/ -->\n<title>O que \u00e9 Maara<\/title>\n<meta name=\"description\" content=\"MAARA faz refer\u00eancia a M\u0101ra, a M\u00e3e Terra na mitologia let\u00e3. Ela \u00e9 a deusa respons\u00e1vel pelo nascimento da terra, das \u00e1guas e de todos os seres vivos. Na antiga mitologia let\u00e3, M\u0101ra n\u00e3o era apenas a m\u00e3e de todos os deuses, ela era a criadora \u2013 a divindade mais poderosa.\" \/>\n<meta name=\"robots\" content=\"index, follow, max-snippet:-1, max-image-preview:large, max-video-preview:-1\" \/>\n<link rel=\"canonical\" href=\"https:\/\/projetomaara.com\/index.php\/maara-pt\/\" \/>\n<meta property=\"og:locale\" content=\"en_US\" \/>\n<meta property=\"og:type\" content=\"article\" \/>\n<meta property=\"og:title\" content=\"O que \u00e9 Maara\" \/>\n<meta property=\"og:description\" content=\"MAARA faz refer\u00eancia a M\u0101ra, a M\u00e3e Terra na mitologia let\u00e3. Ela \u00e9 a deusa respons\u00e1vel pelo nascimento da terra, das \u00e1guas e de todos os seres vivos. Na antiga mitologia let\u00e3, M\u0101ra n\u00e3o era apenas a m\u00e3e de todos os deuses, ela era a criadora \u2013 a divindade mais poderosa.\" \/>\n<meta property=\"og:url\" content=\"https:\/\/projetomaara.com\/index.php\/maara-pt\/\" \/>\n<meta property=\"og:site_name\" content=\"Projeto MAARA\" \/>\n<meta property=\"article:publisher\" content=\"https:\/\/www.facebook.com\/projetomaara\" \/>\n<meta property=\"article:modified_time\" content=\"2022-04-22T22:45:47+00:00\" \/>\n<meta name=\"twitter:card\" content=\"summary_large_image\" \/>\n<meta name=\"twitter:label1\" content=\"Est. reading time\" \/>\n\t<meta name=\"twitter:data1\" content=\"2 minutes\" \/>\n<script type=\"application\/ld+json\" class=\"yoast-schema-graph\">{\"@context\":\"https:\\\/\\\/schema.org\",\"@graph\":[{\"@type\":\"WebPage\",\"@id\":\"https:\\\/\\\/projetomaara.com\\\/index.php\\\/maara-pt\\\/\",\"url\":\"https:\\\/\\\/projetomaara.com\\\/index.php\\\/maara-pt\\\/\",\"name\":\"O que \u00e9 Maara\",\"isPartOf\":{\"@id\":\"https:\\\/\\\/projetomaara.com\\\/#website\"},\"datePublished\":\"2022-04-20T23:41:23+00:00\",\"dateModified\":\"2022-04-22T22:45:47+00:00\",\"description\":\"MAARA faz refer\u00eancia a M\u0101ra, a M\u00e3e Terra na mitologia let\u00e3. Ela \u00e9 a deusa respons\u00e1vel pelo nascimento da terra, das \u00e1guas e de todos os seres vivos. Na antiga mitologia let\u00e3, M\u0101ra n\u00e3o era apenas a m\u00e3e de todos os deuses, ela era a criadora \u2013 a divindade mais poderosa.\",\"breadcrumb\":{\"@id\":\"https:\\\/\\\/projetomaara.com\\\/index.php\\\/maara-pt\\\/#breadcrumb\"},\"inLanguage\":\"en-US\",\"potentialAction\":[{\"@type\":\"ReadAction\",\"target\":[\"https:\\\/\\\/projetomaara.com\\\/index.php\\\/maara-pt\\\/\"]}]},{\"@type\":\"BreadcrumbList\",\"@id\":\"https:\\\/\\\/projetomaara.com\\\/index.php\\\/maara-pt\\\/#breadcrumb\",\"itemListElement\":[{\"@type\":\"ListItem\",\"position\":1,\"name\":\"Home\",\"item\":\"https:\\\/\\\/projetomaara.com\\\/\"},{\"@type\":\"ListItem\",\"position\":2,\"name\":\"Maara-PT\"}]},{\"@type\":\"WebSite\",\"@id\":\"https:\\\/\\\/projetomaara.com\\\/#website\",\"url\":\"https:\\\/\\\/projetomaara.com\\\/\",\"name\":\"Projeto MAARA\",\"description\":\"Permaculture, Agroforestry, Eco-tourism &amp; Volunteering\",\"publisher\":{\"@id\":\"https:\\\/\\\/projetomaara.com\\\/#organization\"},\"potentialAction\":[{\"@type\":\"SearchAction\",\"target\":{\"@type\":\"EntryPoint\",\"urlTemplate\":\"https:\\\/\\\/projetomaara.com\\\/?s={search_term_string}\"},\"query-input\":{\"@type\":\"PropertyValueSpecification\",\"valueRequired\":true,\"valueName\":\"search_term_string\"}}],\"inLanguage\":\"en-US\"},{\"@type\":\"Organization\",\"@id\":\"https:\\\/\\\/projetomaara.com\\\/#organization\",\"name\":\"Projeto Maara\",\"url\":\"https:\\\/\\\/projetomaara.com\\\/\",\"logo\":{\"@type\":\"ImageObject\",\"inLanguage\":\"en-US\",\"@id\":\"https:\\\/\\\/projetomaara.com\\\/#\\\/schema\\\/logo\\\/image\\\/\",\"url\":\"https:\\\/\\\/projetomaara.com\\\/wp-content\\\/uploads\\\/2022\\\/03\\\/social-logo.png\",\"contentUrl\":\"https:\\\/\\\/projetomaara.com\\\/wp-content\\\/uploads\\\/2022\\\/03\\\/social-logo.png\",\"width\":1640,\"height\":856,\"caption\":\"Projeto Maara\"},\"image\":{\"@id\":\"https:\\\/\\\/projetomaara.com\\\/#\\\/schema\\\/logo\\\/image\\\/\"},\"sameAs\":[\"https:\\\/\\\/www.facebook.com\\\/projetomaara\",\"https:\\\/\\\/www.instagram.com\\\/projetomaara\\\/\",\"https:\\\/\\\/www.youtube.com\\\/channel\\\/UCOQel10XEEur6K6AkDzjGBA\"]}]}<\/script>\n<!-- \/ Yoast SEO plugin. -->","yoast_head_json":{"title":"O que \u00e9 Maara","description":"MAARA faz refer\u00eancia a M\u0101ra, a M\u00e3e Terra na mitologia let\u00e3. Ela \u00e9 a deusa respons\u00e1vel pelo nascimento da terra, das \u00e1guas e de todos os seres vivos. Na antiga mitologia let\u00e3, M\u0101ra n\u00e3o era apenas a m\u00e3e de todos os deuses, ela era a criadora \u2013 a divindade mais poderosa.","robots":{"index":"index","follow":"follow","max-snippet":"max-snippet:-1","max-image-preview":"max-image-preview:large","max-video-preview":"max-video-preview:-1"},"canonical":"https:\/\/projetomaara.com\/index.php\/maara-pt\/","og_locale":"en_US","og_type":"article","og_title":"O que \u00e9 Maara","og_description":"MAARA faz refer\u00eancia a M\u0101ra, a M\u00e3e Terra na mitologia let\u00e3. Ela \u00e9 a deusa respons\u00e1vel pelo nascimento da terra, das \u00e1guas e de todos os seres vivos. Na antiga mitologia let\u00e3, M\u0101ra n\u00e3o era apenas a m\u00e3e de todos os deuses, ela era a criadora \u2013 a divindade mais poderosa.","og_url":"https:\/\/projetomaara.com\/index.php\/maara-pt\/","og_site_name":"Projeto MAARA","article_publisher":"https:\/\/www.facebook.com\/projetomaara","article_modified_time":"2022-04-22T22:45:47+00:00","twitter_card":"summary_large_image","twitter_misc":{"Est. reading time":"2 minutes"},"schema":{"@context":"https:\/\/schema.org","@graph":[{"@type":"WebPage","@id":"https:\/\/projetomaara.com\/index.php\/maara-pt\/","url":"https:\/\/projetomaara.com\/index.php\/maara-pt\/","name":"O que \u00e9 Maara","isPartOf":{"@id":"https:\/\/projetomaara.com\/#website"},"datePublished":"2022-04-20T23:41:23+00:00","dateModified":"2022-04-22T22:45:47+00:00","description":"MAARA faz refer\u00eancia a M\u0101ra, a M\u00e3e Terra na mitologia let\u00e3. Ela \u00e9 a deusa respons\u00e1vel pelo nascimento da terra, das \u00e1guas e de todos os seres vivos. Na antiga mitologia let\u00e3, M\u0101ra n\u00e3o era apenas a m\u00e3e de todos os deuses, ela era a criadora \u2013 a divindade mais poderosa.","breadcrumb":{"@id":"https:\/\/projetomaara.com\/index.php\/maara-pt\/#breadcrumb"},"inLanguage":"en-US","potentialAction":[{"@type":"ReadAction","target":["https:\/\/projetomaara.com\/index.php\/maara-pt\/"]}]},{"@type":"BreadcrumbList","@id":"https:\/\/projetomaara.com\/index.php\/maara-pt\/#breadcrumb","itemListElement":[{"@type":"ListItem","position":1,"name":"Home","item":"https:\/\/projetomaara.com\/"},{"@type":"ListItem","position":2,"name":"Maara-PT"}]},{"@type":"WebSite","@id":"https:\/\/projetomaara.com\/#website","url":"https:\/\/projetomaara.com\/","name":"Projeto MAARA","description":"Permaculture, Agroforestry, Eco-tourism &amp; Volunteering","publisher":{"@id":"https:\/\/projetomaara.com\/#organization"},"potentialAction":[{"@type":"SearchAction","target":{"@type":"EntryPoint","urlTemplate":"https:\/\/projetomaara.com\/?s={search_term_string}"},"query-input":{"@type":"PropertyValueSpecification","valueRequired":true,"valueName":"search_term_string"}}],"inLanguage":"en-US"},{"@type":"Organization","@id":"https:\/\/projetomaara.com\/#organization","name":"Projeto Maara","url":"https:\/\/projetomaara.com\/","logo":{"@type":"ImageObject","inLanguage":"en-US","@id":"https:\/\/projetomaara.com\/#\/schema\/logo\/image\/","url":"https:\/\/projetomaara.com\/wp-content\/uploads\/2022\/03\/social-logo.png","contentUrl":"https:\/\/projetomaara.com\/wp-content\/uploads\/2022\/03\/social-logo.png","width":1640,"height":856,"caption":"Projeto Maara"},"image":{"@id":"https:\/\/projetomaara.com\/#\/schema\/logo\/image\/"},"sameAs":["https:\/\/www.facebook.com\/projetomaara","https:\/\/www.instagram.com\/projetomaara\/","https:\/\/www.youtube.com\/channel\/UCOQel10XEEur6K6AkDzjGBA"]}]}},"jetpack-related-posts":[],"jetpack_sharing_enabled":true,"_links":{"self":[{"href":"https:\/\/projetomaara.com\/index.php\/wp-json\/wp\/v2\/pages\/1196","targetHints":{"allow":["GET"]}}],"collection":[{"href":"https:\/\/projetomaara.com\/index.php\/wp-json\/wp\/v2\/pages"}],"about":[{"href":"https:\/\/projetomaara.com\/index.php\/wp-json\/wp\/v2\/types\/page"}],"author":[{"embeddable":true,"href":"https:\/\/projetomaara.com\/index.php\/wp-json\/wp\/v2\/users\/1"}],"replies":[{"embeddable":true,"href":"https:\/\/projetomaara.com\/index.php\/wp-json\/wp\/v2\/comments?post=1196"}],"version-history":[{"count":5,"href":"https:\/\/projetomaara.com\/index.php\/wp-json\/wp\/v2\/pages\/1196\/revisions"}],"predecessor-version":[{"id":1203,"href":"https:\/\/projetomaara.com\/index.php\/wp-json\/wp\/v2\/pages\/1196\/revisions\/1203"}],"wp:attachment":[{"href":"https:\/\/projetomaara.com\/index.php\/wp-json\/wp\/v2\/media?parent=1196"}],"curies":[{"name":"wp","href":"https:\/\/api.w.org\/{rel}","templated":true}]}}